{"id":27584,"date":"2025-06-04T10:09:54","date_gmt":"2025-06-04T08:09:54","guid":{"rendered":"https:\/\/kulturprojekte.berlin\/?page_id=27584"},"modified":"2025-06-16T09:20:57","modified_gmt":"2025-06-16T07:20:57","slug":"sustainability","status":"publish","type":"page","link":"https:\/\/kulturprojekte.berlin\/en\/sustainability\/","title":{"rendered":"Sustainability"},"content":{"rendered":"<section class=\"block block-header-headline hyphen\" >\n    <div class=\"container-fluid\">\n        <div class=\"row padding-bottom-third\">\n                            <div class=\"col-xs-12 col-md-11\">\n                    <div class=\"box\">\n\t\t\t\t\t\t<div data-motion-text='{\"child\":\"h1\",\"force\":true,\"threeD\":true}' role=\"heading\" aria-level=\"1\">\n\t\t\t\t\t\t\t<h1 class=\"zeplin-heading zeplin-headerheading\">Sustainability at Kulturprojekte Berlin<\/h1>\n\t\t\t\t\t\t<\/div>\n                    <\/div>\n                <\/div>\n                    <\/div>\n    <\/div>\n\t\t\t<div data-motion-text='{\"child\":\".box\",\"force\":true,\"threeDImage\":true}'>\n\t\t\t<div class=\"box media-full-size  \">\n\t\t\t\t<div data-motion-parallax='{\"child\":\".image-wrapper\",\"mask\":\".lazy-media\",\"tween\":{\"yPercent\": [-30,30]}}'>\n\t\t\t\t\t\n\t\t<lazy-media-inline inline-template>\n\t\t\t<figure itemscope itemtype=\"http:\/\/schema.org\/ImageObject\" class=\"lazy-media-inline \" role=\"group\" id=\"media_69e32f360da45\">\n\t\t\t\t<script type=\"application\/json\" ref=\"data\">\n\t\t\t\t{\n\t\t\t\t\"sizes\" : {\"medium\":{\"file\":\"Design-ohne-Titel5-300x111.png\",\"width\":300,\"height\":111,\"mime-type\":\"image\\\/png\",\"filesize\":78680},\"large\":{\"file\":\"Design-ohne-Titel5-1024x379.png\",\"width\":1024,\"height\":379,\"mime-type\":\"image\\\/png\",\"filesize\":836050},\"thumbnail\":{\"file\":\"Design-ohne-Titel5-150x56.png\",\"width\":150,\"height\":56,\"mime-type\":\"image\\\/png\",\"filesize\":21373},\"medium_large\":{\"file\":\"Design-ohne-Titel5-768x284.png\",\"width\":768,\"height\":284,\"mime-type\":\"image\\\/png\",\"filesize\":481635},\"1536x1536\":{\"file\":\"Design-ohne-Titel5-1536x569.png\",\"width\":1536,\"height\":569,\"mime-type\":\"image\\\/png\",\"filesize\":1777919},\"small\":{\"file\":\"Design-ohne-Titel5-440x163.png\",\"width\":440,\"height\":163,\"mime-type\":\"image\\\/png\",\"filesize\":164029},\"semi\":{\"file\":\"Design-ohne-Titel5-580x215.png\",\"width\":580,\"height\":215,\"mime-type\":\"image\\\/png\",\"filesize\":280702},\"mobile\":{\"file\":\"Design-ohne-Titel5-720x267.png\",\"width\":720,\"height\":267,\"mime-type\":\"image\\\/png\",\"filesize\":427076},\"hd\":{\"file\":\"Design-ohne-Titel5-1280x474.png\",\"width\":1280,\"height\":474,\"mime-type\":\"image\\\/png\",\"filesize\":1270527},\"original\":{\"file\":\"Design-ohne-Titel5.png\",\"width\":1915,\"height\":709}},\n\t\t\t\t\"alt\" : \"Auf der linken Seite befinden sich Ausstellungselemente inmitten von Menschen. Auf der rechten Seite sind die gleichen Ausstellungselemente entlang des Spreeufers zu sehen.\",\n\t\t\t\t\"path\" : \"https:\\\/\\\/kultur-projekte.berlin\\\/wp-content\\\/uploads\\\/2025\\\/05\\\/\",\n\t\t\t\t\"video\" : null,\n\t\t\t\t\"autoplay\" : null,\n\t\t\t\t\"youtube\" : null,\n\t\t\t\t\"youtubelabel\" : \"Trailer abspielen\",\n\t\t\t\t\"brightness\" : 100,\n\t\t\t\t\"crop\" : null,\n\t\t\t\t\"background\" : true,\n\t\t\t\t\"scale\" : 1\t\t\t\t}\n\t\t\t\t<\/script>\n\t\t\t\t<div class=\"height-container\" style=\"padding-bottom:37%; \" v-if=\"sizes\">\n\t\t\t\t\t<lazy-media :inline=\"true\" :alt=\"alt\" :sizes=\"sizes\" :scale=\"scale\" :brightness=\"brightness\" :path=\"path\" :video=\"video\" :autoplay=\"autoplay\" :youtube=\"youtube\" :crop=\"crop\" :youtubelabel=\"youtubelabel\" :background=\"background\"><\/lazy-media>\n\t\t\t\t<\/div>\n\n\t\t\t\t\t\t\t\t\t\t<figcaption>\n\t\t\t\t\t\t\t\t\t\t\t\t\t\t\t<div class=\"lazy-media-image-label\">Wiederverwendung der Ausstellungsarchitektur von \u201e35 Jahre Mauerfall\u201c (2024) f\u00fcr \u201e80 Jahre Kriegsende\u201c (2025). \u00a9 Kulturprojekte Berlin, Foto: Angela Regenbrecht, Fabian Brennecke<\/div>\n\t\t\t\t\t\t\t\t\t\t\t\t\t\t\t\t\t\t\t\t<\/figcaption>\n\t\t\t\t\t\t\t\t\t\t\t\t<\/figure>\n\t\t<\/lazy-media-inline>\n\t\t\t\t\t\t<\/div>\n\t\t\t<\/div>\n\t\t\t\t\t<\/div>\n\t<\/section>\n\n<section class=\"block block-headline block-no-margin\" >\n\t<div class=\"container-fluid\">\n\t\t<div class=\"row\">\n\t\t\t\t\t\t\t\t\t\t<div class=\"col-xs-12 col-md-offset-3 col-md-6\">\n\t\t\t\t\t<div class=\"box\" >\n\t\t\t\t\t\t<h4 class='block-headline-motion'  aria-label=\"Sustainability Strategy\">Sustainability Strategy<\/h4>\n\t\t\t\t\t<\/div>\n\t\t\t\t<\/div>\n\t\t\t\t\t<\/div>\n\t<\/div>\n<\/section>\n\n<section class=\"block block-copy\"  style=\"\">\n\t<div class=\"container-fluid\">\n\t\t<div class=\"row\">\n\t\t\t<div class=\"col-xs-12 col-md-offset-3 col-md-6\">\n\t\t\t\t<div class=\"box copy\">\n\t\t\t\t\t<p>At Kulturprojekte Berlin, we create unique cultural services and happenings, we are a knowledge store, a platform and facilitator for theaters and museums, as well as a place for creative and cultural professionals to seek support and consultation. We do all this with Berlin, for Berlin. As a public institution and non-profit organization, we bear a special responsibility, especially for Berlin&#8217;s urban society. <span data-teams=\"true\">To fulfil this responsibility towards both the present and future generations, we aim to act according to <strong>socially<\/strong>,<strong> ecologically<\/strong> and <strong>economically<\/strong> sustainable principles.<\/span><\/p>\n<p>This is why we pursue overarching sustainability goals in four key areas of action at all levels of our work: participation, diversity and anti-discrimination, environmental and climate protection, and resource efficiency. To continuously improve ourselves, we rely on perpetual <strong>knowledge development<\/strong>, mandatory <strong>minimum standards<\/strong> for all projects and services, supplementary <strong>recommendations<\/strong> for business operations and project management, <strong>sustainability experts<\/strong> for every project and every area, and an internal, systematic <strong>sustainability management system<\/strong>.<\/p>\n\t\t\t\t<\/div>\n\t\t\t<\/div>\n\t\t<\/div>\n\t\t\t<\/div>\n<\/section>\n\n<section class=\"block block-headline\" >\n\t<div class=\"container-fluid\">\n\t\t<div class=\"row\">\n\t\t\t\t\t\t\t\t\t\t<div class=\"col-xs-12 col-md-offset-3 col-md-6\">\n\t\t\t\t\t<div class=\"box\" >\n\t\t\t\t\t\t<h4 class='block-headline-motion'  aria-label=\"Fields of action and key targets regarding sustainability \">Fields of action and key targets regarding sustainability <\/h4>\n\t\t\t\t\t<\/div>\n\t\t\t\t<\/div>\n\t\t\t\t\t<\/div>\n\t<\/div>\n<\/section>\n\n<section class=\"block block-standard-image block-standard-image-medium\">\n\t\t\t<div class=\"container-fluid\">\n\t\t\t<div class=\"row center-xs\">\n\t\t\t\t<div class=\"col-xs-10 col-md-6\">\n\t\t\t\t\t\n\t\t<lazy-media-inline inline-template>\n\t\t\t<figure itemscope itemtype=\"http:\/\/schema.org\/ImageObject\" class=\"lazy-media-inline \" role=\"group\" id=\"media_69e32f3612376\">\n\t\t\t\t<script type=\"application\/json\" ref=\"data\">\n\t\t\t\t{\n\t\t\t\t\"sizes\" : {\"medium\":{\"file\":\"Grafik_Handlungsfelder_Englisch-1-300x169.png\",\"width\":300,\"height\":169,\"mime-type\":\"image\\\/png\",\"filesize\":26491},\"large\":{\"file\":\"Grafik_Handlungsfelder_Englisch-1-1024x576.png\",\"width\":1024,\"height\":576,\"mime-type\":\"image\\\/png\",\"filesize\":172496},\"thumbnail\":{\"file\":\"Grafik_Handlungsfelder_Englisch-1-150x84.png\",\"width\":150,\"height\":84,\"mime-type\":\"image\\\/png\",\"filesize\":8675},\"medium_large\":{\"file\":\"Grafik_Handlungsfelder_Englisch-1-768x432.png\",\"width\":768,\"height\":432,\"mime-type\":\"image\\\/png\",\"filesize\":113414},\"1536x1536\":{\"file\":\"Grafik_Handlungsfelder_Englisch-1-1536x864.png\",\"width\":1536,\"height\":864,\"mime-type\":\"image\\\/png\",\"filesize\":304413},\"small\":{\"file\":\"Grafik_Handlungsfelder_Englisch-1-440x248.png\",\"width\":440,\"height\":248,\"mime-type\":\"image\\\/png\",\"filesize\":50000},\"semi\":{\"file\":\"Grafik_Handlungsfelder_Englisch-1-580x326.png\",\"width\":580,\"height\":326,\"mime-type\":\"image\\\/png\",\"filesize\":75212},\"mobile\":{\"file\":\"Grafik_Handlungsfelder_Englisch-1-720x405.png\",\"width\":720,\"height\":405,\"mime-type\":\"image\\\/png\",\"filesize\":103415},\"hd\":{\"file\":\"Grafik_Handlungsfelder_Englisch-1-1280x720.png\",\"width\":1280,\"height\":720,\"mime-type\":\"image\\\/png\",\"filesize\":225620},\"original\":{\"file\":\"Grafik_Handlungsfelder_Englisch-1.png\",\"width\":1600,\"height\":900}},\n\t\t\t\t\"alt\" : \"Diagram showing the four pillars of sustainability: social, ecological, economic sustainability, and resource use.\",\n\t\t\t\t\"path\" : \"https:\\\/\\\/kultur-projekte.berlin\\\/wp-content\\\/uploads\\\/2025\\\/06\\\/\",\n\t\t\t\t\"video\" : null,\n\t\t\t\t\"autoplay\" : null,\n\t\t\t\t\"youtube\" : null,\n\t\t\t\t\"youtubelabel\" : \"Trailer abspielen\",\n\t\t\t\t\"brightness\" : 100,\n\t\t\t\t\"crop\" : null,\n\t\t\t\t\"background\" : false,\n\t\t\t\t\"scale\" : 1\t\t\t\t}\n\t\t\t\t<\/script>\n\t\t\t\t<div class=\"height-container\" style=\"padding-bottom:56%; \" v-if=\"sizes\">\n\t\t\t\t\t<lazy-media :inline=\"true\" :alt=\"alt\" :sizes=\"sizes\" :scale=\"scale\" :brightness=\"brightness\" :path=\"path\" :video=\"video\" :autoplay=\"autoplay\" :youtube=\"youtube\" :crop=\"crop\" :youtubelabel=\"youtubelabel\" :background=\"background\"><\/lazy-media>\n\t\t\t\t<\/div>\n\n\t\t\t\t\t\t\t\t\t\t\t<\/figure>\n\t\t<\/lazy-media-inline>\n\t\t\t\t\t\t<\/div>\n\t\t\t<\/div>\n\t\t<\/div>\n\t<\/section>\n\n<section class=\"block block-headline block-no-margin\" >\n\t<div class=\"container-fluid\">\n\t\t<div class=\"row\">\n\t\t\t\t\t\t\t\t\t\t<div class=\"col-xs-12 col-md-offset-3 col-md-6\">\n\t\t\t\t\t<div class=\"box\" >\n\t\t\t\t\t\t<h4 class='block-headline-motion'  aria-label=\"Sustainability in our projects\">Sustainability in our projects<\/h4>\n\t\t\t\t\t<\/div>\n\t\t\t\t<\/div>\n\t\t\t\t\t<\/div>\n\t<\/div>\n<\/section>\n\n<section class=\"block block-copy block-no-margin\"  style=\"\">\n\t<div class=\"container-fluid\">\n\t\t<div class=\"row\">\n\t\t\t<div class=\"col-xs-12 col-md-offset-3 col-md-6\">\n\t\t\t\t<div class=\"box copy\">\n\t\t\t\t\t<p>For our sustainability goals to be achieved within our projects and services, 15 minimum standards must be met. Additionally, our employees have access to further recommendations for action in the area of sustainability, as laid out in guidelines and databases.<\/p>\n\t\t\t\t<\/div>\n\t\t\t<\/div>\n\t\t<\/div>\n\t\t\t<\/div>\n<\/section>\n\n<section class=\"block block-button\">\n    <div class=\"container-fluid\">\n\t\t<div class=\"row\">\n            <div class=\"col-xs-12 col-md-offset-3 col-md-6\">\n                <div class=\"box\">\n                 \t\t<a class=\"button-rectangle button-border button-extern\" href=\"https:\/\/kulturprojekte.berlin\/wp-content\/uploads\/2025\/06\/Mindeststandards_Nachhaltigkeit_Kulturprojekte-Berlin_Englisch.pdf\" role=\"button\" aria-pressed=\"false\" aria-label=\"Our minimum standards \">\n\t\t<span class=\"button-label\">Our minimum standards <\/span>\n\t\t\t\t<span class=\"button-icon icon-external\" aria-hidden=\"true\"><\/span>\n\t\t\t<\/a>\n                <\/div>\n            <\/div>\n        <\/div>\n    <\/div>\n<\/section>\n\n<section class=\"block block-headline block-no-margin\" >\n\t<div class=\"container-fluid\">\n\t\t<div class=\"row\">\n\t\t\t\t\t\t\t\t\t\t<div class=\"col-xs-12 col-md-offset-3 col-md-6\">\n\t\t\t\t\t<div class=\"box\" >\n\t\t\t\t\t\t<h4 class='block-headline-motion'  aria-label=\"Sustainability reporting\">Sustainability reporting<\/h4>\n\t\t\t\t\t<\/div>\n\t\t\t\t<\/div>\n\t\t\t\t\t<\/div>\n\t<\/div>\n<\/section>\n\n<section class=\"block block-copy block-no-margin\"  style=\"\">\n\t<div class=\"container-fluid\">\n\t\t<div class=\"row\">\n\t\t\t<div class=\"col-xs-12 col-md-offset-3 col-md-6\">\n\t\t\t\t<div class=\"box copy\">\n\t\t\t\t\t<p><span class=\"TextRun SCXW132241188 BCX8\" lang=\"EN-US\" xml:lang=\"EN-US\" data-contrast=\"auto\"><span class=\"NormalTextRun SCXW132241188 BCX8\">We report on our efforts in relation to sustainability. We do this <\/span><span class=\"NormalTextRun SCXW132241188 BCX8\">in accordance with<\/span> the sustainabilty code (DNK) of the Federal Ministry for Ecomonic Affairs and Climate Action of Germany.<\/span><\/p>\n\t\t\t\t<\/div>\n\t\t\t<\/div>\n\t\t<\/div>\n\t\t\t<\/div>\n<\/section>\n\n<section class=\"block block-button\">\n    <div class=\"container-fluid\">\n\t\t<div class=\"row\">\n            <div class=\"col-xs-12 col-md-offset-3 col-md-6\">\n                <div class=\"box\">\n                 \t\t<a class=\"button-rectangle button-border button-extern\" href=\"https:\/\/kulturprojekte.berlin\/wp-content\/uploads\/2025\/05\/20240126_Nachhaltigkeitsbericht-2022_Kulturprojekte-Berlin.pdf\" role=\"button\" aria-pressed=\"false\" aria-label=\"Sustainability report 2022 (German)\">\n\t\t<span class=\"button-label\">Sustainability report 2022 (German)<\/span>\n\t\t\t\t<span class=\"button-icon icon-external\" aria-hidden=\"true\"><\/span>\n\t\t\t<\/a>\n                <\/div>\n            <\/div>\n        <\/div>\n    <\/div>\n<\/section>\n\n\n<section class=\"block block-logos \" >\n    <div class=\"container-fluid\">\n\t\t<div class=\"row center-xs\">\n\t\t\t<div class=\"col-xs-12 col-sm-6\">\n\t\t\t\t<div class=\"box\">\n\t\t\t\t\t<div class=\"row center-xs middle-xs\">\n\t\t\t\t\t\t\n\t\t\t\t\t\t<div class=\"col-xs-4 col-md-3\">\n\t\t\t\t\t\t\t<div class=\"box margin-sixth-top\">\n\t\t\t\t\t\t\t\t<a href=\"https:\/\/greeneventshamburg.de\/green-events-siegel\/\" rel=\"sponsored\">\t\t\t\t\t\t\t\t<img decoding=\"async\" alt=\"Links goldene Grafik auf gr\u00fcnlichem Hintergrund. Rechts schwarze Schrift auf wei\u00dfem Hintergrund. Logo des Green Events Siegel Premium f\u00fcr die Fan Zone Berlin.\" src=\"https:\/\/kulturprojekte.berlin\/wp-content\/uploads\/2025\/06\/2024_Green-Events-Siegel_Premium.jpg\" style=\"display: inline-block; width: 150%\" \/>\n\n\t\t\t\t\t\t\t\t<\/a>\t\t\t\t\t\t\t<\/div>\n\t\t\t\t\t\t<\/div>\n\t\t\t\t\t\t\t\t\t\t\t<\/div>\n\t\t\t\t<\/div>\n\t\t\t<\/div>\n        <\/div>\n    <\/div>\n<\/section>\n","protected":false},"excerpt":{"rendered":"","protected":false},"author":38,"featured_media":0,"parent":0,"menu_order":0,"comment_status":"closed","ping_status":"closed","template":"","meta":{"_acf_changed":false,"footnotes":""},"class_list":["post-27584","page","type-page","status-publish","hentry"],"acf":[],"_links":{"self":[{"href":"https:\/\/kulturprojekte.berlin\/en\/wp-json\/wp\/v2\/pages\/27584","targetHints":{"allow":["GET"]}}],"collection":[{"href":"https:\/\/kulturprojekte.berlin\/en\/wp-json\/wp\/v2\/pages"}],"about":[{"href":"https:\/\/kulturprojekte.berlin\/en\/wp-json\/wp\/v2\/types\/page"}],"author":[{"embeddable":true,"href":"https:\/\/kulturprojekte.berlin\/en\/wp-json\/wp\/v2\/users\/38"}],"replies":[{"embeddable":true,"href":"https:\/\/kulturprojekte.berlin\/en\/wp-json\/wp\/v2\/comments?post=27584"}],"version-history":[{"count":5,"href":"https:\/\/kulturprojekte.berlin\/en\/wp-json\/wp\/v2\/pages\/27584\/revisions"}],"predecessor-version":[{"id":27860,"href":"https:\/\/kulturprojekte.berlin\/en\/wp-json\/wp\/v2\/pages\/27584\/revisions\/27860"}],"wp:attachment":[{"href":"https:\/\/kulturprojekte.berlin\/en\/wp-json\/wp\/v2\/media?parent=27584"}],"curies":[{"name":"wp","href":"https:\/\/api.w.org\/{rel}","templated":true}]}}