{"id":16690,"date":"2024-02-01T19:57:08","date_gmt":"2024-02-01T18:57:08","guid":{"rendered":"https:\/\/kulturprojekte.berlin\/fahrplan\/"},"modified":"2026-01-06T18:51:46","modified_gmt":"2026-01-06T17:51:46","slug":"culture-train-timetable-tickets","status":"publish","type":"page","link":"https:\/\/kulturprojekte.berlin\/en\/culture-train-timetable-tickets\/","title":{"rendered":"Timetable &amp; tickets (Culture Train)"},"content":{"rendered":"<section class=\"block block-header-headline hyphen\" >\n    <div class=\"container-fluid\">\n        <div class=\"row padding-bottom-third\">\n                            <div class=\"col-xs-12 col-md-11\">\n                    <div class=\"box\">\n\t\t\t\t\t\t<div data-motion-text='{\"child\":\"h1\",\"force\":true,\"threeD\":true}' role=\"heading\" aria-level=\"1\">\n\t\t\t\t\t\t\t<h1 class=\"zeplin-heading zeplin-headerheading\">Timetable &amp; tickets<\/h1>\n\t\t\t\t\t\t<\/div>\n                    <\/div>\n                <\/div>\n                    <\/div>\n    <\/div>\n\t\t\t<div class=\"border-position-bottom border-thickness-small border-color-black\"><\/div>\n\t<\/section>\n\n<section class=\"block block-standard-image-copy align-left\" style=\"\">\n\t<div class=\"container-fluid\">\n\t\t<div class=\"row middle-xs\">\n\t\t\t\t\t\t\t<div class=\"col-xs-10 col-md-5 padding-bottom-minimal padding-top-minimal\">\n\t\t\t\t\t\n\t\t<lazy-media-inline inline-template>\n\t\t\t<figure itemscope itemtype=\"http:\/\/schema.org\/ImageObject\" class=\"lazy-media-inline \" role=\"group\" id=\"media_69e4d633b8c7d\">\n\t\t\t\t<script type=\"application\/json\" ref=\"data\">\n\t\t\t\t{\n\t\t\t\t\"sizes\" : {\"medium\":{\"file\":\"Untertitel_EN_Strecke_Kulturzug-data-Kopie-300x192.jpg\",\"width\":300,\"height\":192,\"mime-type\":\"image\\\/jpeg\",\"filesize\":9886},\"large\":{\"file\":\"Untertitel_EN_Strecke_Kulturzug-data-Kopie-1024x655.jpg\",\"width\":1024,\"height\":655,\"mime-type\":\"image\\\/jpeg\",\"filesize\":72364},\"thumbnail\":{\"file\":\"Untertitel_EN_Strecke_Kulturzug-data-Kopie-150x96.jpg\",\"width\":150,\"height\":96,\"mime-type\":\"image\\\/jpeg\",\"filesize\":3265},\"medium_large\":{\"file\":\"Untertitel_EN_Strecke_Kulturzug-data-Kopie-768x491.jpg\",\"width\":768,\"height\":491,\"mime-type\":\"image\\\/jpeg\",\"filesize\":46940},\"1536x1536\":{\"file\":\"Untertitel_EN_Strecke_Kulturzug-data-Kopie-1536x982.jpg\",\"width\":1536,\"height\":982,\"mime-type\":\"image\\\/jpeg\",\"filesize\":132660},\"small\":{\"file\":\"Untertitel_EN_Strecke_Kulturzug-data-Kopie-440x281.jpg\",\"width\":440,\"height\":281,\"mime-type\":\"image\\\/jpeg\",\"filesize\":18900},\"semi\":{\"file\":\"Untertitel_EN_Strecke_Kulturzug-data-Kopie-580x371.jpg\",\"width\":580,\"height\":371,\"mime-type\":\"image\\\/jpeg\",\"filesize\":29806},\"mobile\":{\"file\":\"Untertitel_EN_Strecke_Kulturzug-data-Kopie-720x460.jpg\",\"width\":720,\"height\":460,\"mime-type\":\"image\\\/jpeg\",\"filesize\":42057},\"hd\":{\"file\":\"Untertitel_EN_Strecke_Kulturzug-data-Kopie-1280x818.jpg\",\"width\":1280,\"height\":818,\"mime-type\":\"image\\\/jpeg\",\"filesize\":101924},\"original\":{\"file\":\"Untertitel_EN_Strecke_Kulturzug-data-Kopie.jpg\",\"width\":1899,\"height\":1214}},\n\t\t\t\t\"alt\" : \"Visualisierung der Strecke des Kulturzugs\",\n\t\t\t\t\"path\" : \"https:\\\/\\\/kultur-projekte.berlin\\\/wp-content\\\/uploads\\\/2022\\\/12\\\/\",\n\t\t\t\t\"video\" : null,\n\t\t\t\t\"autoplay\" : null,\n\t\t\t\t\"youtube\" : null,\n\t\t\t\t\"youtubelabel\" : \"Trailer abspielen\",\n\t\t\t\t\"brightness\" : 100,\n\t\t\t\t\"crop\" : null,\n\t\t\t\t\"background\" : false,\n\t\t\t\t\"scale\" : 1\t\t\t\t}\n\t\t\t\t<\/script>\n\t\t\t\t<div class=\"height-container\" style=\"padding-bottom:63%; \" v-if=\"sizes\">\n\t\t\t\t\t<lazy-media :inline=\"true\" :alt=\"alt\" :sizes=\"sizes\" :scale=\"scale\" :brightness=\"brightness\" :path=\"path\" :video=\"video\" :autoplay=\"autoplay\" :youtube=\"youtube\" :crop=\"crop\" :youtubelabel=\"youtubelabel\" :background=\"background\"><\/lazy-media>\n\t\t\t\t<\/div>\n\n\t\t\t\t\t\t\t\t\t\t<figcaption>\n\t\t\t\t\t\t\t\t\t\t\t\t\t\t\t<div class=\"lazy-media-image-label\">Streckenf\u00fchrung mit attraktiven Zwischenhalten auf dem Weg nach Wroc\u0142aw<\/div>\n\t\t\t\t\t\t\t\t\t\t\t\t\t\t\t\t\t\t\t\t\t\t<div class=\"lazy-media-image-description\">\u00a9 terra press GmbH <\/div>\n\t\t\t\t\t\t\t\t\t\t\t\t\t<\/figcaption>\n\t\t\t\t\t\t\t\t\t\t\t\t<\/figure>\n\t\t<\/lazy-media-inline>\n\t\t\t\t\t\t<\/div>\n\t\t\t\t<div class=\"col-xs-12 col-md-5 col-md-offset-1 padding-bottom-minimal padding-top-minimal copy\">\n\t\t\t\t\t<p><strong>The Culture Train ran every weekend from April 11, 2025, until its last trip for the time being on December 28, 2025. There are currently no trips taking place. <\/strong>It connects Berlin with the Polish metropolis of Wroc\u0142aw in around 4.5 hours. On Friday afternoons and Saturday mornings, the train runs from Berlin-Lichtenberg to Wroc\u0142aw G\u0142\u00f3wny. The cultural train returns on Friday and Sunday evenings. The Culture Train also runs on selected public holidays.<\/p>\n<p>The Culture Train runs on the following route:<\/p>\n<p>Berlin-Lichtenberg &#8211; Berlin Ostkreuz &#8211; Cottbus Hbf &#8211; Wei\u00dfwasser (Oberlausitz) &#8211; W\u0119gliniec &#8211; Boles\u0142awiec &#8211; Chojn\u00f3w &#8211; Legnica &#8211; Wroc\u0142aw G\u0142\u00f3wny<\/p>\n<h4>Timetable<\/h4>\n<p><a href=\"https:\/\/www.dbregio-berlin-brandenburg.de\/resource\/blob\/13604356\/2ecdcc314913b9ab72bd2191612f8ef4\/DB_25_Fahrplan_KU_Web_ab_14-12-25-data.pdf\" target=\"_blank\" rel=\"noopener\">Timetable<\/a> valid until Dec 28,2025<\/p>\n<p>Please always refer to <a href=\"http:\/\/www.bahn.de\">bahn.de<\/a> or the DB Navigator app for timetable changes or current information on the timetable. Always check before your travel about short-term timetable changes. Also visit our <a href=\"https:\/\/www.instagram.com\/kulturzug\/\">Instagram<\/a> channel for the latest news and updates!<\/p>\n\t\t\t\t<\/div>\n\t\t\t\t\t<\/div>\n\t<\/div>\n<\/section>\n\n<section class=\"block block-standard-image-copy align-right\" style=\"\">\n\t<div class=\"container-fluid\">\n\t\t<div class=\"row middle-xs\">\n\t\t\t\t\t\t\t<div class=\"col-xs-12 col-md-5 first-md col-md-offset-1 padding-bottom-minimal padding-top-minimal copy\">\n\t\t\t\t\t<p>The Culture Train ticket for only <strong>\u20ac 27 (one way)<\/strong> is available <a href=\"https:\/\/www.dbregio-shop.de\/index.php\/tickets\/36\/subtickets\/0.ticket%7Cproduct_category_36\">online<\/a> and at DB Travel Centers, DB agencies or DB ticket machines. There are discounted fares as well. Our tip: With the &#8220;Deutschlandticket&#8221; you can travel as far as Cottbus Hbf, after which the onward journey to Wroc\u0142aw costs only \u20ac 22. <strong>We recommend a seat reservation, which is available for \u20ac 5.20 at DB Travel Centers or DB agencies three months in advance.<\/strong> This is the only way to guarantee a seat in carriage 1, where the cultural program takes place.<\/p>\n<p>Snack trolley: On the journey through Poland from W\u0119gliniec, we offer our cultural travelers small snacks as well as hot and cold drinks.<\/p>\n<p>Culture Train benefits: With the Kulturzug ticket, public transport in Wroc\u0142aw can be used free of charge. Passengers of the Culture Train receive a 10% discount in the \u201cHistoric Hotels\u201d of Wroc\u0142aw with the code Culturetrain25 at <a href=\"http:\/\/www.europejskiwroclaw.pl\">www.europejskiwroclaw.pl<\/a>.<\/p>\n\t\t\t\t<\/div>\n\t\t\t\t<div class=\"col-xs-10 col-xs-offset-2 col-md-5 first-xs col-md-offset-1 padding-bottom-minimal padding-top-minimal\">\n\t\t\t\t\t\n\t\t<lazy-media-inline inline-template>\n\t\t\t<figure itemscope itemtype=\"http:\/\/schema.org\/ImageObject\" class=\"lazy-media-inline \" role=\"group\" id=\"media_69e4d633b9ede\">\n\t\t\t\t<script type=\"application\/json\" ref=\"data\">\n\t\t\t\t{\n\t\t\t\t\"sizes\" : {\"medium\":{\"file\":\"c_Alexander-Rentsch_DSC150043_1920px-300x200.jpg\",\"width\":300,\"height\":200,\"mime-type\":\"image\\\/jpeg\",\"filesize\":19014},\"large\":{\"file\":\"c_Alexander-Rentsch_DSC150043_1920px-1024x683.jpg\",\"width\":1024,\"height\":683,\"mime-type\":\"image\\\/jpeg\",\"filesize\":125395},\"thumbnail\":{\"file\":\"c_Alexander-Rentsch_DSC150043_1920px-150x100.jpg\",\"width\":150,\"height\":100,\"mime-type\":\"image\\\/jpeg\",\"filesize\":6664},\"medium_large\":{\"file\":\"c_Alexander-Rentsch_DSC150043_1920px-768x512.jpg\",\"width\":768,\"height\":512,\"mime-type\":\"image\\\/jpeg\",\"filesize\":81062},\"1536x1536\":{\"file\":\"c_Alexander-Rentsch_DSC150043_1920px-1536x1024.jpg\",\"width\":1536,\"height\":1024,\"mime-type\":\"image\\\/jpeg\",\"filesize\":228383},\"small\":{\"file\":\"c_Alexander-Rentsch_DSC150043_1920px-440x293.jpg\",\"width\":440,\"height\":293,\"mime-type\":\"image\\\/jpeg\",\"filesize\":34531},\"semi\":{\"file\":\"c_Alexander-Rentsch_DSC150043_1920px-580x387.jpg\",\"width\":580,\"height\":387,\"mime-type\":\"image\\\/jpeg\",\"filesize\":53141},\"mobile\":{\"file\":\"c_Alexander-Rentsch_DSC150043_1920px-720x480.jpg\",\"width\":720,\"height\":480,\"mime-type\":\"image\\\/jpeg\",\"filesize\":73625},\"hd\":{\"file\":\"c_Alexander-Rentsch_DSC150043_1920px-1280x853.jpg\",\"width\":1280,\"height\":853,\"mime-type\":\"image\\\/jpeg\",\"filesize\":174869},\"original\":{\"file\":\"c_Alexander-Rentsch_DSC150043_1920px.jpg\",\"width\":1920,\"height\":1280}},\n\t\t\t\t\"alt\" : \"Group of people on a train discussing and reviewing documents.\",\n\t\t\t\t\"path\" : \"https:\\\/\\\/kultur-projekte.berlin\\\/wp-content\\\/uploads\\\/2024\\\/02\\\/\",\n\t\t\t\t\"video\" : null,\n\t\t\t\t\"autoplay\" : null,\n\t\t\t\t\"youtube\" : null,\n\t\t\t\t\"youtubelabel\" : \"Trailer abspielen\",\n\t\t\t\t\"brightness\" : 100,\n\t\t\t\t\"crop\" : null,\n\t\t\t\t\"background\" : false,\n\t\t\t\t\"scale\" : 1\t\t\t\t}\n\t\t\t\t<\/script>\n\t\t\t\t<div class=\"height-container\" style=\"padding-bottom:66%; \" v-if=\"sizes\">\n\t\t\t\t\t<lazy-media :inline=\"true\" :alt=\"alt\" :sizes=\"sizes\" :scale=\"scale\" :brightness=\"brightness\" :path=\"path\" :video=\"video\" :autoplay=\"autoplay\" :youtube=\"youtube\" :crop=\"crop\" :youtubelabel=\"youtubelabel\" :background=\"background\"><\/lazy-media>\n\t\t\t\t<\/div>\n\n\t\t\t\t\t\t\t\t\t\t<figcaption>\n\t\t\t\t\t\t\t\t\t\t\t\t\t\t\t<div class=\"lazy-media-image-label\">\u00a9 Alexander Rentsch<\/div>\n\t\t\t\t\t\t\t\t\t\t\t\t\t\t\t\t\t\t\t\t<\/figcaption>\n\t\t\t\t\t\t\t\t\t\t\t\t<\/figure>\n\t\t<\/lazy-media-inline>\n\t\t\t\t\t\t<\/div>\n\t\t\t\t\t<\/div>\n\t<\/div>\n<\/section>","protected":false},"excerpt":{"rendered":"","protected":false},"author":32,"featured_media":0,"parent":0,"menu_order":0,"comment_status":"closed","ping_status":"closed","template":"","meta":{"_acf_changed":false,"footnotes":""},"class_list":["post-16690","page","type-page","status-publish","hentry"],"acf":[],"_links":{"self":[{"href":"https:\/\/kulturprojekte.berlin\/en\/wp-json\/wp\/v2\/pages\/16690","targetHints":{"allow":["GET"]}}],"collection":[{"href":"https:\/\/kulturprojekte.berlin\/en\/wp-json\/wp\/v2\/pages"}],"about":[{"href":"https:\/\/kulturprojekte.berlin\/en\/wp-json\/wp\/v2\/types\/page"}],"author":[{"embeddable":true,"href":"https:\/\/kulturprojekte.berlin\/en\/wp-json\/wp\/v2\/users\/32"}],"replies":[{"embeddable":true,"href":"https:\/\/kulturprojekte.berlin\/en\/wp-json\/wp\/v2\/comments?post=16690"}],"version-history":[{"count":9,"href":"https:\/\/kulturprojekte.berlin\/en\/wp-json\/wp\/v2\/pages\/16690\/revisions"}],"predecessor-version":[{"id":31673,"href":"https:\/\/kulturprojekte.berlin\/en\/wp-json\/wp\/v2\/pages\/16690\/revisions\/31673"}],"wp:attachment":[{"href":"https:\/\/kulturprojekte.berlin\/en\/wp-json\/wp\/v2\/media?parent=16690"}],"curies":[{"name":"wp","href":"https:\/\/api.w.org\/{rel}","templated":true}]}}